{"id":71,"date":"2024-09-10T00:00:04","date_gmt":"2024-09-09T22:00:04","guid":{"rendered":"http:\/\/elferrooms.p-b.gmbh\/?page_id=71"},"modified":"2025-05-06T16:10:17","modified_gmt":"2025-05-06T14:10:17","slug":"hotel","status":"publish","type":"page","link":"https:\/\/www.elferrooms.com\/en\/hotel\/","title":{"rendered":"Hotel"},"content":{"rendered":"<h1>Unser Hotel<\/h1>\n<h1>Zimmer<\/h1>\n<div>\n<p>Unsere modernen Zimmer sind alle gleichwertig aufgebaut. Die gro\u00dfz\u00fcgigen 19qm werden clever ausgenutzt und f\u00fchlen sich durch die Relax-Nische und die warme Beleuchtung gem\u00fctlich und einladend an.<\/p>\n<p>Jedes Zimmer hat ein einzigartiges Motiv eines 911.<\/p>\n<\/div>\n<ul>\n<li>\n        <a href=\"\/buchen\/\" false>Jetzt buchen<\/a>\n    <\/li>\n<li>\n        <a href=\"\/anfahrt\/\" false>Anfahrt<\/a>\n    <\/li>\n<\/ul>\n<p><img decoding=\"async\" src=\"\/wp-content\/uploads\/2024\/09\/20240909_144547375_iOS.jpg\" alt=\"\"><\/p>\n<ul>\n<li>\n<h5>Queen-Size-Doppelbett<\/h5>\n<\/li>\n<li>\n<h5>Wall-Art<\/h5>\n<\/li>\n<li>\n<h5>Relax-Nische<\/h5>\n<\/li>\n<li>\n<h5>Balkon<\/h5>\n<\/li>\n<li>\n<h5>Tisch<\/h5>\n<\/li>\n<li>\n<h5>Smart-TV<\/h5>\n<\/li>\n<\/ul>\n<ul>\n<li>\n<p>        <img decoding=\"async\" src=\"\/wp-content\/uploads\/2024\/09\/elferrooms-143714-7936-scaled.jpg\" alt=\"\"><\/p>\n<h3>elferrooms-143714-7936<\/h3>\n<\/li>\n<li>\n<p>        <img decoding=\"async\" src=\"\/wp-content\/uploads\/2024\/09\/elferrooms-144159-7973-scaled.jpg\" alt=\"\"><\/p>\n<\/li>\n<li>\n<p>        <img decoding=\"async\" src=\"\/wp-content\/uploads\/2024\/09\/elferrooms-144412-7977-scaled.jpg\" alt=\"\"><\/p>\n<h3>elferrooms-144412-7977<\/h3>\n<\/li>\n<li>\n<p>        <img decoding=\"async\" src=\"\/wp-content\/uploads\/2024\/09\/elferrooms-143844-7956-scaled.jpg\" alt=\"\"><\/p>\n<\/li>\n<\/ul>\n<ul>\n<li>\n<h3>Kostenloses WLAN<\/h3>\n<\/li>\n<li>\n<h3>Innovative Bodenk\u00fchlung<\/h3>\n<\/li>\n<li>\n<h3>Begehbare Dusche<\/h3>\n<\/li>\n<li>\n<h3>Smart-TV &#038; Speaker<\/h3>\n<\/li>\n<\/ul>\n<h1>Buchen.<br \/>Einchecken.<br \/>Abschalten.<\/h1>\n<h1>Das sagen unsere Kunden<\/h1>\n<p>\n    <a href=\"https:\/\/g.page\/r\/CbiDowcLNDEXEAE\/review\" false>Jetzt bewerten<\/a>\n<\/p>\n<div>\n<\/div>\n<p><!--more--><br \/>\n<!-- {\"type\":\"layout\",\"children\":[{\"type\":\"section\",\"props\":{\"header_transparent\":true,\"image\":\"wp-content\\\/uploads\\\/2024\\\/09\\\/j-scaled-1.jpg\",\"image_effect\":\"parallax\",\"image_parallax_bgy\":\"180\",\"image_position\":\"center-center\",\"style\":\"default\",\"title_breakpoint\":\"xl\",\"title_position\":\"top-left\",\"title_rotation\":\"left\",\"vertical_align\":\"middle\",\"width\":\"default\"},\"children\":[{\"type\":\"row\",\"children\":[{\"type\":\"column\",\"props\":{\"image_position\":\"center-center\",\"position_sticky_breakpoint\":\"m\"},\"children\":[{\"type\":\"headline\",\"props\":{\"content\":\"Unser Hotel\",\"content_en_us\":\"Our Hotel\",\"title_element\":\"h1\",\"title_style\":\"heading-xlarge\"}}]}]}]},{\"type\":\"section\",\"props\":{\"image_position\":\"center-center\",\"style\":\"muted\",\"title_breakpoint\":\"xl\",\"title_position\":\"top-left\",\"title_rotation\":\"left\",\"vertical_align\":\"middle\",\"width\":\"default\"},\"children\":[{\"type\":\"row\",\"props\":{\"layout\":\"1-2,1-2\"},\"children\":[{\"type\":\"column\",\"props\":{\"image_position\":\"center-center\",\"position_sticky_breakpoint\":\"m\",\"style\":\"card-secondary\",\"vertical_align\":\"middle\",\"width_medium\":\"1-2\"},\"children\":[{\"type\":\"headline\",\"props\":{\"content\":\"Zimmer\",\"title_element\":\"h1\"}},{\"type\":\"text\",\"props\":{\"column_breakpoint\":\"m\",\"content\":\"\n\n<p>Unsere modernen Zimmer sind alle gleichwertig aufgebaut. Die gro\\u00dfz\\u00fcgigen 19qm werden clever ausgenutzt und f\\u00fchlen sich durch die Relax-Nische und die warme Beleuchtung gem\\u00fctlich und einladend an.<\\\/p>\\n\n\n<p>Jedes Zimmer hat ein einzigartiges Motiv eines 911.<\\\/p>\",\"content_en_us\":\"\n\n<p>Our modern rooms are all of equal quality. The generous 19sqm are cleverly utilized and feel cozy and inviting thanks to the relaxation alcove and warm lighting.<\\\/p>\\n\n\n<p>Each room has a unique picture of a 911.<\\\/p>\",\"margin\":\"default\"}},{\"type\":\"button\",\"props\":{\"grid_column_gap\":\"\",\"grid_row_gap\":\"\",\"margin\":\"default\"},\"children\":[{\"type\":\"button_item\",\"props\":{\"add_lang_param\":\"true\",\"button_style\":\"primary\",\"content\":\"Jetzt buchen\",\"content_en_us\":\"Book Now\",\"force_download\":\"false\",\"icon_align\":\"left\",\"link\":\"buchen\\\/\"}},{\"type\":\"button_item\",\"props\":{\"add_lang_param\":\"true\",\"button_style\":\"primary\",\"content\":\"Anfahrt\",\"content_en_us\":\"Directions\",\"force_download\":\"false\",\"icon_align\":\"left\",\"link\":\"anfahrt\\\/\"}}],\"name\":\"Booking-Button\"}]},{\"type\":\"column\",\"props\":{\"image_position\":\"center-center\",\"position_sticky_breakpoint\":\"m\",\"width_medium\":\"1-2\"},\"children\":[{\"type\":\"popover\",\"props\":{\"background_image\":\"wp-content\\\/uploads\\\/2024\\\/09\\\/20240909_144547375_iOS.jpg\",\"background_image_height\":\"450\",\"background_image_width\":\"700\",\"blend\":false,\"card_size\":\"small\",\"card_style\":\"primary\",\"drop_mode\":\"hover\",\"drop_position\":\"bottom-center\",\"drop_width\":200,\"image_card_padding\":true,\"image_link\":false,\"image_svg_color\":\"emphasis\",\"link_style\":\"default\",\"link_text\":\"Read more\",\"margin\":\"default\",\"marker_color\":\"dark\",\"meta_align\":\"below-title\",\"meta_element\":\"div\",\"meta_style\":\"text-meta\",\"show_content\":true,\"show_image\":true,\"show_link\":true,\"show_meta\":true,\"show_title\":true,\"text_align\":\"center\",\"title_element\":\"h5\",\"title_hover_style\":\"reset\"},\"children\":[{\"type\":\"popover_item\",\"props\":{\"position_x\":\"42\",\"position_y\":\"64\",\"title\":\"Queen-Size-Doppelbett\",\"title_en_us\":\"Queen-size bed\"}},{\"type\":\"popover_item\",\"props\":{\"position_x\":\"38\",\"position_y\":\"27\",\"title\":\"Wall-Art\"}},{\"type\":\"popover_item\",\"props\":{\"position_x\":\"58\",\"position_y\":\"36\",\"title\":\"Relax-Nische\",\"title_en_us\":\"Relax-Alcove\"}},{\"type\":\"popover_item\",\"props\":{\"position_x\":\"76\",\"position_y\":\"39\",\"title\":\"Balkon\",\"title_en_us\":\"Balcony\"}},{\"type\":\"popover_item\",\"props\":{\"position_x\":\"67\",\"title\":\"Tisch\",\"title_en_us\":\"Table\"}},{\"type\":\"popover_item\",\"props\":{\"position_x\":\"70\",\"position_y\":\"81\",\"title\":\"Smart-TV\"}}]}]}]},{\"type\":\"row\",\"children\":[{\"type\":\"column\",\"props\":{\"image_position\":\"center-center\",\"position_sticky_breakpoint\":\"m\"},\"children\":[{\"type\":\"gallery\",\"props\":{\"filter_align\":\"left\",\"filter_all\":true,\"filter_grid_breakpoint\":\"m\",\"filter_grid_width\":\"auto\",\"filter_position\":\"top\",\"filter_style\":\"tab\",\"grid_default\":\"1\",\"grid_medium\":\"4\",\"image_height\":\"350\",\"image_transition\":\"scale-up\",\"image_width\":\"500\",\"item_animation\":true,\"lightbox\":true,\"lightbox_bg_close\":true,\"link_fullwidth\":false,\"link_style\":\"default\",\"link_text\":\"\",\"margin\":\"default\",\"meta_align\":\"below-title\",\"meta_element\":\"div\",\"meta_style\":\"text-meta\",\"overlay_hover\":true,\"overlay_link\":true,\"overlay_mode\":\"cover\",\"overlay_position\":\"center\",\"overlay_style\":\"\",\"overlay_transition\":\"fade\",\"show_content\":false,\"show_hover_image\":false,\"show_hover_video\":false,\"show_link\":true,\"show_meta\":false,\"show_title\":false,\"text_align\":\"center\",\"text_color\":\"light\",\"title_element\":\"h3\",\"title_hover_style\":\"reset\"},\"children\":[{\"type\":\"gallery_item\",\"props\":{\"image\":\"wp-content\\\/uploads\\\/2024\\\/09\\\/elferrooms-143714-7936-scaled.jpg\",\"title\":\"elferrooms-143714-7936\"}},{\"type\":\"gallery_item\",\"props\":{\"image\":\"wp-content\\\/uploads\\\/2024\\\/09\\\/elferrooms-144159-7973-scaled.jpg\"}},{\"type\":\"gallery_item\",\"props\":{\"image\":\"wp-content\\\/uploads\\\/2024\\\/09\\\/elferrooms-144412-7977-scaled.jpg\",\"title\":\"elferrooms-144412-7977\"}},{\"type\":\"gallery_item\",\"props\":{\"image\":\"wp-content\\\/uploads\\\/2024\\\/09\\\/elferrooms-143844-7956-scaled.jpg\"}}]}]}]},{\"type\":\"row\",\"children\":[{\"type\":\"column\",\"props\":{\"image_position\":\"center-center\",\"position_sticky_breakpoint\":\"m\"},\"children\":[{\"type\":\"grid\",\"props\":{\"content_column_breakpoint\":\"m\",\"filter_align\":\"left\",\"filter_all\":true,\"filter_grid_breakpoint\":\"m\",\"filter_grid_width\":\"auto\",\"filter_position\":\"top\",\"filter_style\":\"tab\",\"grid_default\":\"1\",\"grid_medium\":\"4\",\"icon_width\":80,\"image_align\":\"top\",\"image_grid_breakpoint\":\"m\",\"image_grid_width\":\"1-2\",\"image_svg_color\":\"emphasis\",\"item_animation\":true,\"lightbox_bg_close\":true,\"link_style\":\"default\",\"link_text\":\"Read more\",\"margin\":\"default\",\"meta_align\":\"below-title\",\"meta_element\":\"div\",\"meta_style\":\"text-meta\",\"panel_padding\":\"small\",\"panel_style\":\"card-secondary\",\"show_content\":true,\"show_hover_image\":true,\"show_hover_video\":true,\"show_image\":true,\"show_link\":true,\"show_meta\":true,\"show_title\":true,\"show_video\":true,\"text_align\":\"center\",\"title_align\":\"top\",\"title_element\":\"h3\",\"title_grid_breakpoint\":\"m\",\"title_grid_width\":\"1-2\",\"title_hover_style\":\"reset\"},\"children\":[{\"type\":\"grid_item\",\"props\":{\"icon\":\"fa6-solid--wifi\",\"title\":\"Kostenloses WLAN\",\"title_en_us\":\"Free Wi-Fi\"}},{\"type\":\"grid_item\",\"props\":{\"icon\":\"bootstrap--thermometer-snow\",\"title\":\"Innovative Bodenk\\u00fchlung\",\"title_en_us\":\"Innovative Floor-Cooling\"}},{\"type\":\"grid_item\",\"props\":{\"icon\":\"fa6-solid--shower\",\"title\":\"Begehbare Dusche\",\"title_en_us\":\"Walk-In Shower\"}},{\"type\":\"grid_item\",\"props\":{\"icon\":\"fa6-solid--tv\",\"title\":\"Smart-TV & Speaker\"}}]}]}]}]},{\"type\":\"section\",\"props\":{\"image\":\"wp-content\\\/uploads\\\/2025\\\/03\\\/elferrooms-0530-scaled.jpg\",\"image_effect\":\"parallax\",\"image_parallax_bgy\":\"-320 0%,-260 100%\",\"image_position\":\"center-center\",\"image_size\":\"cover\",\"style\":\"default\",\"title_breakpoint\":\"xl\",\"title_position\":\"top-left\",\"title_rotation\":\"left\",\"vertical_align\":\"middle\",\"width\":\"default\"},\"children\":[{\"type\":\"row\",\"props\":{\"layout\":\"1-3,2-3\"},\"children\":[{\"type\":\"column\",\"props\":{\"image_position\":\"center-center\",\"position_sticky_breakpoint\":\"m\",\"width_medium\":\"1-3\"},\"children\":[{\"type\":\"headline\",\"props\":{\"content\":\"Buchen.<br \\\/>Einchecken.<br \\\/>Abschalten.\",\"content_en_us\":\"Book.<br \\\/>Check-In.<br \\\/>Relax.\",\"title_element\":\"h1\",\"title_style\":\"heading-small\"}}]},{\"type\":\"column\",\"props\":{\"image_position\":\"center-center\",\"position_sticky_breakpoint\":\"m\",\"width_medium\":\"2-3\"}}]}]},{\"type\":\"section\",\"props\":{\"image_position\":\"center-center\",\"style\":\"primary\",\"title_breakpoint\":\"xl\",\"title_position\":\"top-left\",\"title_rotation\":\"left\",\"vertical_align\":\"middle\",\"width\":\"default\"},\"children\":[{\"type\":\"row\",\"props\":{\"layout\":\"2-3,1-3\"},\"children\":[{\"type\":\"column\",\"props\":{\"image_position\":\"center-center\",\"position_sticky_breakpoint\":\"m\",\"width_medium\":\"2-3\"},\"children\":[{\"type\":\"headline\",\"props\":{\"content\":\"Das sagen unsere Kunden\",\"content_en_us\":\"What our customers say\",\"title_element\":\"h1\"}}]},{\"type\":\"column\",\"props\":{\"image_position\":\"center-center\",\"position_sticky_breakpoint\":\"m\",\"width_medium\":\"1-3\"},\"children\":[{\"type\":\"button\",\"props\":{\"grid_column_gap\":\"small\",\"grid_row_gap\":\"small\",\"margin\":\"default\",\"text_align\":\"right\"},\"children\":[{\"type\":\"button_item\",\"props\":{\"add_lang_param\":\"true\",\"button_style\":\"primary\",\"content\":\"Jetzt bewerten\",\"force_download\":\"false\",\"icon\":\"google\",\"icon_align\":\"left\",\"link\":\"https:\\\/\\\/g.page\\\/r\\\/CbiDowcLNDEXEAE\\\/review\",\"link_target\":\"blank\"}}]}]}]},{\"type\":\"row\",\"children\":[{\"type\":\"column\",\"props\":{\"image_position\":\"center-center\",\"position_sticky_breakpoint\":\"m\"},\"children\":[{\"type\":\"panel-slider\",\"props\":{\"content_column_breakpoint\":\"m\",\"content_dropcap\":false,\"css\":\".el-title .bookingcom {\\n\\n    background-color: #003b95;\\n    color: rgba(255,255,255,1);\\n    padding: 10px 20px;\\n    border-radius: 10px;\\n    width: auto !important;\\n    min-width: 0px;\\n    display: inline-block;\\n    \\n}\\n.el-title .expedia {\\n\\n    background-color: #227950;\\n    color: rgba(255,255,255,1);\\n    padding: 10px 20px;\\n    border-radius: 10px;\\n    width: auto !important;\\n    min-width: 0px;\\n    display: inline-block;\\n    \\n}\\n\\n\\n.el-content {\\nbackground-color: rgba(240,240,240,1);\\n    padding: 20px 25px;\\n    z-index: 999;\\n    position: relative;\\n}\\n\\n.el-content:before {\\ndisplay: block;\\n    width: 30px;\\n    height: 30px;\\n    background-color: rgba(240,240,240,1);\\n    content: \\\" \\\";\\n    top: -15px;\\n    left: 15px;\\n    position: absolute;\\n    transform: rotate(45deg);\\n    z-index: 0;\\n}\\n\\n.el-content h3 {\\nmargin-bottom: 10px;\\n    opacity: 0.7;\\n}\\n\\n.el-image {\\nmargin-top: 13px !important;\\n    margin-bottom: 10px;\\n}\\n\\n\",\"icon_width\":80,\"image_align\":\"top\",\"image_grid_breakpoint\":\"m\",\"image_grid_width\":\"1-2\",\"image_svg_color\":\"emphasis\",\"image_width\":200,\"link_style\":\"default\",\"link_text\":\"Read more\",\"margin\":\"default\",\"meta_align\":\"below-title\",\"meta_element\":\"div\",\"meta_style\":\"h2\",\"nav\":\"dotnav\",\"nav_align\":\"center\",\"nav_breakpoint\":\"s\",\"panel_match\":false,\"panel_style\":\"card-primary\",\"show_content\":true,\"show_hover_image\":true,\"show_hover_video\":true,\"show_image\":true,\"show_link\":true,\"show_meta\":true,\"show_title\":true,\"show_video\":true,\"slidenav\":\"outside\",\"slidenav_breakpoint\":\"xl\",\"slidenav_margin\":\"medium\",\"slidenav_outside_breakpoint\":\"xl\",\"slider_autoplay\":true,\"slider_autoplay_pause\":true,\"slider_gap\":\"default\",\"slider_width\":\"fixed\",\"slider_width_default\":\"1-1\",\"slider_width_medium\":\"1-2\",\"title_align\":\"top\",\"title_element\":\"h3\",\"title_grid_breakpoint\":\"m\",\"title_grid_width\":\"1-2\",\"title_hover_style\":\"reset\",\"title_style\":\"h2\"},\"children\":[{\"type\":\"panel-slider_item\",\"source\":{\"query\":{\"name\":\"bewertungs.customBewertungs\",\"arguments\":{\"users\":[],\"users_operator\":\"IN\",\"offset\":0,\"limit\":10,\"order\":\"rand\",\"order_direction\":\"DESC\"}},\"props\":{\"content\":{\"filters\":{\"search\":\"\"},\"name\":\"field.text\"},\"image\":{\"filters\":{\"search\":\"\"},\"name\":\"field.bewertung.value\"}}},\"source_extended\":{\"props\":{\"meta\":{\"composed\":{\"value\":\"{{ sources.92c1 }} <span style=\\\"opacity: 0.3; font-size: 0.7em;\\\">auf {{ sources.b5dc }}<\\\/span>\",\"sources\":{\"92c1\":{\"name\":\"field.name\",\"filters\":{\"search\":\"\"},\"implode\":{\"join\":\"after\",\"glue\":\", \"}},\"b5dc\":{\"name\":\"field.plattform.label\",\"filters\":{\"search\":\"\"},\"implode\":{\"join\":\"after\",\"glue\":\", \"}}},\"conditions\":[]}},\"meta_en_us\":{\"composed\":{\"value\":\"{{ sources.e8c8 }} <span style=\\\"opacity: 0.3; font-size: 0.7em;\\\">on {{ sources.b5dc }}<\\\/span>\",\"sources\":{\"b5dc\":{\"name\":\"field.plattform.label\",\"filters\":{\"search\":\"\"},\"implode\":{\"join\":\"after\",\"glue\":\", \"}},\"e8c8\":{\"name\":\"field.name\"}},\"conditions\":[]}},\"title\":{\"composed\":{\"value\":\"\n\n<div class=\\\"{{ sources.dbeb }}\\\">{{ sources.cac3 }}<\\\/div>\",\"sources\":{\"cac3\":{\"filters\":{\"search\":\"\"},\"name\":\"field.bewertung_bookingcom\"},\"dbeb\":{\"name\":\"field.plattform.value\"}}}}}}}]}]}]}],\"name\":\"Rezensionen 2\"},{\"type\":\"section\",\"props\":{\"height\":\"viewport\",\"height_viewport\":50,\"image\":\"wp-content\\\/uploads\\\/2025\\\/03\\\/elferrooms-7-scaled.jpg\",\"image_effect\":\"parallax\",\"image_parallax_bgy\":\"290\",\"image_position\":\"center-center\",\"image_size\":\"cover\",\"style\":\"default\",\"title_breakpoint\":\"xl\",\"title_position\":\"top-left\",\"title_rotation\":\"left\",\"vertical_align\":\"middle\",\"width\":\"default\"},\"children\":[{\"type\":\"row\",\"children\":[{\"type\":\"column\",\"props\":{\"image_position\":\"center-center\",\"position_sticky_breakpoint\":\"m\"}}]}]}],\"version\":\"4.5.15\",\"yooessentialsVersion\":\"2.3.12\"} --><\/p>\n","protected":false},"excerpt":{"rendered":"<p>Unser Hotel Zimmer Unsere modernen Zimmer sind alle gleichwertig aufgebaut. Die gro\u00dfz\u00fcgigen 19qm werden clever ausgenutzt und f\u00fchlen sich durch die Relax-Nische und die warme Beleuchtung gem\u00fctlich und einladend an. Jedes Zimmer hat ein einzigartiges Motiv eines 911. Jetzt buchen Anfahrt Queen-Size-Doppelbett Wall-Art Relax-Nische Balkon Tisch Smart-TV elferrooms-143714-7936 elferrooms-144412-7977 Kostenloses WLAN Innovative Bodenk\u00fchlung Begehbare Dusche [&hellip;]<\/p>\n","protected":false},"author":1,"featured_media":0,"parent":0,"menu_order":0,"comment_status":"closed","ping_status":"closed","template":"","meta":{"_acf_changed":false,"footnotes":""},"class_list":["post-71","page","type-page","status-publish","hentry"],"acf":[],"_links":{"self":[{"href":"https:\/\/www.elferrooms.com\/en\/wp-json\/wp\/v2\/pages\/71","targetHints":{"allow":["GET"]}}],"collection":[{"href":"https:\/\/www.elferrooms.com\/en\/wp-json\/wp\/v2\/pages"}],"about":[{"href":"https:\/\/www.elferrooms.com\/en\/wp-json\/wp\/v2\/types\/page"}],"author":[{"embeddable":true,"href":"https:\/\/www.elferrooms.com\/en\/wp-json\/wp\/v2\/users\/1"}],"replies":[{"embeddable":true,"href":"https:\/\/www.elferrooms.com\/en\/wp-json\/wp\/v2\/comments?post=71"}],"version-history":[{"count":52,"href":"https:\/\/www.elferrooms.com\/en\/wp-json\/wp\/v2\/pages\/71\/revisions"}],"predecessor-version":[{"id":487,"href":"https:\/\/www.elferrooms.com\/en\/wp-json\/wp\/v2\/pages\/71\/revisions\/487"}],"wp:attachment":[{"href":"https:\/\/www.elferrooms.com\/en\/wp-json\/wp\/v2\/media?parent=71"}],"curies":[{"name":"wp","href":"https:\/\/api.w.org\/{rel}","templated":true}]}}