{"id":73,"date":"2024-09-10T00:00:13","date_gmt":"2024-09-09T22:00:13","guid":{"rendered":"http:\/\/elferrooms.p-b.gmbh\/?page_id=73"},"modified":"2025-05-06T14:48:04","modified_gmt":"2025-05-06T12:48:04","slug":"cafe","status":"publish","type":"page","link":"https:\/\/www.elferrooms.com\/en\/cafe\/","title":{"rendered":"Caf\u00e9"},"content":{"rendered":"<h1>Caf\u00e9<\/h1>\n<h1>Come in, we are open!<\/h1>\n<div>Willkommen im elferrooms Caf\u00e9 in Ubstadt-Weiher \u2013 dem perfekten Ort, um dem Alltag zu entfliehen und gem\u00fctliche Stunden zu verbringen. Unser Caf\u00e9 verbindet stilvolles Ambiente mit herzlicher Gastfreundschaft und bietet eine breite Auswahl an Kaffeespezialit\u00e4ten, frischen Backwaren und leckeren Snacks. Ob zum entspannten Fr\u00fchst\u00fcck, einem Treffen mit Freunden oder einem kleinen Genuss zwischendurch \u2013 das elferrooms Caf\u00e9 l\u00e4dt Sie ein, sich wohlzuf\u00fchlen und die kleinen Freuden des Lebens zu genie\u00dfen.<\/div>\n<p>\n    <a href=\"\/events\/\" false>Events<\/a>\n<\/p>\n<h1>\u00d6ffnungs&shy;zeiten<\/h1>\n<table>\n<tbody>\n<tr>\n<td>Montag &#8211; Freitag<\/td>\n<td>07:00 &#8211; 17:00 Uhr<\/td>\n<\/tr>\n<tr>\n<td>Samstag<\/td>\n<td>08:00 &#8211; 16:00 Uhr<\/td>\n<\/tr>\n<tr>\n<td>Sonntag<\/td>\n<td>08:00 &#8211; 16:00 Uhr<\/td>\n<\/tr>\n<\/tbody>\n<\/table>\n<ul>\n<li>\n<p>        <img decoding=\"async\" src=\"\/wp-content\/uploads\/2025\/03\/elferrooms-0514-scaled.jpg\" alt=\"\"><\/p>\n<h3>elferrooms-133030-7877<\/h3>\n<\/li>\n<li>\n<p>        <img decoding=\"async\" src=\"\/wp-content\/uploads\/2024\/09\/pfahli_Cocktails_presented_on_a_wooden_table_with_a_black_top_w_4df7a76e-60fc-4cfb-a431-909430fe60bf.png\" alt=\"\"><\/p>\n<h3>pfahli_Cocktails_presented_on_a_wooden_table_with_a_black_top_w_4df7a76e-60fc-4cfb-a431-909430fe60bf<\/h3>\n<\/li>\n<li>\n<p>        <img decoding=\"async\" src=\"\/wp-content\/uploads\/2025\/03\/elferrooms-0496-scaled.jpg\" alt=\"\"><\/p>\n<\/li>\n<li>\n<p>        <img decoding=\"async\" src=\"\/wp-content\/uploads\/2024\/09\/pfahli_A_cup_of_coffee_with_retro_lights_hanging_from_the_ceili_2262e96d-cff6-411a-a450-ac8a8deab289.png\" alt=\"\"><\/p>\n<h3>pfahli_A_cup_of_coffee_with_retro_lights_hanging_from_the_ceili_2262e96d-cff6-411a-a450-ac8a8deab289<\/h3>\n<\/li>\n<li>\n<p>        <img decoding=\"async\" src=\"\/wp-content\/uploads\/2025\/03\/elferrooms-0519-scaled.jpg\" alt=\"\"><\/p>\n<\/li>\n<li>\n<p>        <img decoding=\"async\" src=\"\/wp-content\/uploads\/2025\/03\/elferrooms-0498-scaled.jpg\" alt=\"\"><\/p>\n<\/li>\n<\/ul>\n<p><!--more--><br \/>\n<!-- {\"type\":\"layout\",\"children\":[{\"type\":\"section\",\"props\":{\"header_transparent\":true,\"image\":\"wp-content\\\/uploads\\\/2025\\\/03\\\/elferrooms-0496-scaled.jpg\",\"image_effect\":\"parallax\",\"image_parallax_bgy\":\"150\",\"image_position\":\"center-center\",\"image_size\":\"cover\",\"media_overlay\":\"rgba(75, 75, 75, 0.67)\",\"style\":\"default\",\"title_breakpoint\":\"xl\",\"title_position\":\"top-left\",\"title_rotation\":\"left\",\"vertical_align\":\"middle\",\"width\":\"default\"},\"children\":[{\"type\":\"row\",\"children\":[{\"type\":\"column\",\"props\":{\"image_position\":\"center-center\",\"position_sticky_breakpoint\":\"m\"},\"children\":[{\"type\":\"headline\",\"props\":{\"content\":\"Caf\\u00e9\",\"title_element\":\"h1\",\"title_style\":\"heading-xlarge\"}}]}]}]},{\"type\":\"section\",\"props\":{\"image_position\":\"center-center\",\"style\":\"default\",\"title_breakpoint\":\"xl\",\"title_position\":\"top-left\",\"title_rotation\":\"left\",\"vertical_align\":\"middle\",\"width\":\"default\"},\"children\":[{\"type\":\"row\",\"props\":{\"layout\":\"1-2,1-2\"},\"children\":[{\"type\":\"column\",\"props\":{\"image_position\":\"center-center\",\"position_sticky_breakpoint\":\"m\",\"vertical_align\":\"middle\",\"width_medium\":\"1-2\"},\"children\":[{\"type\":\"headline\",\"props\":{\"content\":\"Come in, we are open!\",\"title_element\":\"h1\"}},{\"type\":\"text\",\"props\":{\"column_breakpoint\":\"m\",\"content\":\"Willkommen im elferrooms Caf\\u00e9 in Ubstadt-Weiher \\u2013 dem perfekten Ort, um dem Alltag zu entfliehen und gem\\u00fctliche Stunden zu verbringen. Unser Caf\\u00e9 verbindet stilvolles Ambiente mit herzlicher Gastfreundschaft und bietet eine breite Auswahl an Kaffeespezialit\\u00e4ten, frischen Backwaren und leckeren Snacks. Ob zum entspannten Fr\\u00fchst\\u00fcck, einem Treffen mit Freunden oder einem kleinen Genuss zwischendurch \\u2013 das elferrooms Caf\\u00e9 l\\u00e4dt Sie ein, sich wohlzuf\\u00fchlen und die kleinen Freuden des Lebens zu genie\\u00dfen.\",\"content_en_us\":\"\n\n<p>The best ingredients from local producers: our new caf\\u00e9 focusses on organic and environmentally friendly products from the region.<\\\/p>\\n\n\n<p>We are currently still remodelling. As soon as the caf\\u00e9 opens, we will inform you on this page and on our social media channels.<\\\/p>\",\"margin\":\"default\"}},{\"type\":\"button\",\"props\":{\"grid_column_gap\":\"small\",\"grid_row_gap\":\"small\",\"margin\":\"default\"},\"children\":[{\"type\":\"button_item\",\"props\":{\"add_lang_param\":\"true\",\"button_style\":\"primary\",\"content\":\"Events\",\"force_download\":\"false\",\"icon_align\":\"left\",\"link\":\"events\\\/\"}}]}]},{\"type\":\"column\",\"props\":{\"image_position\":\"center-center\",\"position_sticky_breakpoint\":\"m\",\"style\":\"card-primary\",\"width_medium\":\"1-2\"},\"children\":[{\"type\":\"headline\",\"props\":{\"content\":\"\\u00d6ffnungs&shy;zeiten\",\"title_element\":\"h1\"}},{\"type\":\"table\",\"props\":{\"content_style\":\"text-lead\",\"image_svg_color\":\"emphasis\",\"link_style\":\"default\",\"link_text\":\"Read more\",\"meta_style\":\"text-meta\",\"show_content\":true,\"show_image\":true,\"show_link\":true,\"show_meta\":true,\"show_title\":true,\"table_justify\":true,\"table_order\":\"1\",\"table_responsive\":\"responsive\",\"table_size\":\"small\",\"table_style\":\"divider\",\"table_vertical_align\":true,\"table_width_meta\":\"shrink\",\"table_width_title\":\"small\",\"title_style\":\"text-meta\"},\"children\":[{\"type\":\"table_item\",\"props\":{\"content\":\"07:00 - 17:00 Uhr\",\"title\":\"Montag - Freitag\"}},{\"type\":\"table_item\",\"props\":{\"content\":\"08:00 - 16:00 Uhr\",\"title\":\"Samstag\"}},{\"type\":\"table_item\",\"props\":{\"content\":\"08:00 - 16:00 Uhr\",\"title\":\"Sonntag\"}}]}]}]}]},{\"type\":\"section\",\"props\":{\"image_position\":\"center-center\",\"style\":\"muted\",\"title_breakpoint\":\"xl\",\"title_position\":\"top-left\",\"title_rotation\":\"left\",\"vertical_align\":\"middle\",\"width\":\"default\"},\"children\":[{\"type\":\"row\",\"children\":[{\"type\":\"column\",\"props\":{\"image_position\":\"center-center\",\"position_sticky_breakpoint\":\"m\"},\"children\":[{\"type\":\"gallery\",\"props\":{\"filter_align\":\"left\",\"filter_all\":true,\"filter_grid_breakpoint\":\"m\",\"filter_grid_width\":\"auto\",\"filter_position\":\"top\",\"filter_style\":\"tab\",\"grid_default\":\"1\",\"grid_medium\":\"3\",\"image_height\":\"350\",\"image_transition\":\"scale-up\",\"image_width\":\"500\",\"item_animation\":true,\"lightbox\":true,\"link_fullwidth\":false,\"link_style\":\"default\",\"link_text\":\"\",\"margin\":\"default\",\"meta_align\":\"below-title\",\"meta_element\":\"div\",\"meta_style\":\"text-meta\",\"overlay_hover\":true,\"overlay_link\":true,\"overlay_mode\":\"cover\",\"overlay_position\":\"center\",\"overlay_style\":\"\",\"overlay_transition\":\"fade\",\"show_content\":false,\"show_hover_image\":false,\"show_hover_video\":false,\"show_link\":true,\"show_meta\":false,\"show_title\":false,\"text_align\":\"center\",\"text_color\":\"light\",\"title_element\":\"h3\",\"title_hover_style\":\"reset\"},\"children\":[{\"type\":\"gallery_item\",\"props\":{\"image\":\"wp-content\\\/uploads\\\/2025\\\/03\\\/elferrooms-0514-scaled.jpg\",\"title\":\"elferrooms-133030-7877\"}},{\"type\":\"gallery_item\",\"props\":{\"image\":\"wp-content\\\/uploads\\\/2024\\\/09\\\/pfahli_Cocktails_presented_on_a_wooden_table_with_a_black_top_w_4df7a76e-60fc-4cfb-a431-909430fe60bf.png\",\"title\":\"pfahli_Cocktails_presented_on_a_wooden_table_with_a_black_top_w_4df7a76e-60fc-4cfb-a431-909430fe60bf\"}},{\"type\":\"gallery_item\",\"props\":{\"image\":\"wp-content\\\/uploads\\\/2025\\\/03\\\/elferrooms-0496-scaled.jpg\"}},{\"type\":\"gallery_item\",\"props\":{\"image\":\"wp-content\\\/uploads\\\/2024\\\/09\\\/pfahli_A_cup_of_coffee_with_retro_lights_hanging_from_the_ceili_2262e96d-cff6-411a-a450-ac8a8deab289.png\",\"title\":\"pfahli_A_cup_of_coffee_with_retro_lights_hanging_from_the_ceili_2262e96d-cff6-411a-a450-ac8a8deab289\"}},{\"type\":\"gallery_item\",\"props\":{\"image\":\"wp-content\\\/uploads\\\/2025\\\/03\\\/elferrooms-0519-scaled.jpg\"}},{\"type\":\"gallery_item\",\"props\":{\"image\":\"wp-content\\\/uploads\\\/2025\\\/03\\\/elferrooms-0498-scaled.jpg\"}}],\"name\":\"Gallery\"}]}]}]}],\"version\":\"4.4.8\",\"yooessentialsVersion\":\"2.2.19\"} --><\/p>\n","protected":false},"excerpt":{"rendered":"<p>Caf\u00e9 Come in, we are open! Willkommen im elferrooms Caf\u00e9 in Ubstadt-Weiher \u2013 dem perfekten Ort, um dem Alltag zu entfliehen und gem\u00fctliche Stunden zu verbringen. Unser Caf\u00e9 verbindet stilvolles Ambiente mit herzlicher Gastfreundschaft und bietet eine breite Auswahl an Kaffeespezialit\u00e4ten, frischen Backwaren und leckeren Snacks. Ob zum entspannten Fr\u00fchst\u00fcck, einem Treffen mit Freunden oder [&hellip;]<\/p>\n","protected":false},"author":1,"featured_media":0,"parent":0,"menu_order":0,"comment_status":"closed","ping_status":"closed","template":"","meta":{"_acf_changed":false,"footnotes":""},"class_list":["post-73","page","type-page","status-publish","hentry"],"acf":[],"_links":{"self":[{"href":"https:\/\/www.elferrooms.com\/en\/wp-json\/wp\/v2\/pages\/73","targetHints":{"allow":["GET"]}}],"collection":[{"href":"https:\/\/www.elferrooms.com\/en\/wp-json\/wp\/v2\/pages"}],"about":[{"href":"https:\/\/www.elferrooms.com\/en\/wp-json\/wp\/v2\/types\/page"}],"author":[{"embeddable":true,"href":"https:\/\/www.elferrooms.com\/en\/wp-json\/wp\/v2\/users\/1"}],"replies":[{"embeddable":true,"href":"https:\/\/www.elferrooms.com\/en\/wp-json\/wp\/v2\/comments?post=73"}],"version-history":[{"count":28,"href":"https:\/\/www.elferrooms.com\/en\/wp-json\/wp\/v2\/pages\/73\/revisions"}],"predecessor-version":[{"id":455,"href":"https:\/\/www.elferrooms.com\/en\/wp-json\/wp\/v2\/pages\/73\/revisions\/455"}],"wp:attachment":[{"href":"https:\/\/www.elferrooms.com\/en\/wp-json\/wp\/v2\/media?parent=73"}],"curies":[{"name":"wp","href":"https:\/\/api.w.org\/{rel}","templated":true}]}}