{"id":75,"date":"2024-09-10T00:00:24","date_gmt":"2024-09-09T22:00:24","guid":{"rendered":"http:\/\/elferrooms.p-b.gmbh\/?page_id=75"},"modified":"2025-05-06T14:49:17","modified_gmt":"2025-05-06T12:49:17","slug":"events","status":"publish","type":"page","link":"https:\/\/www.elferrooms.com\/en\/events\/","title":{"rendered":"Events"},"content":{"rendered":"<h1>Events<\/h1>\n<p><img decoding=\"async\" src=\"\/wp-content\/uploads\/2024\/09\/pfahli_wedding_couple_in_front_of_a_porsche_911_carrera_in_fr_d5492980-3910-4c82-8efe-52da2d316332_3.png\" alt=\"\"><\/p>\n<h1>Hochzeiten<\/h1>\n<div>\n<p>Hochzeit feiern im elferrooms: Unser Caf\u00e9 ist der perfekte Ort um diesen einmaligen Tag zu feiern. Und mit unserem Hotel k\u00f6nnen die G\u00e4ste auch direkt an der Location \u00fcbernachten.<\/p>\n<\/div>\n<p>\n    <a href=\"mailto:hotel@elferrooms.de\" false>Jetzt anfragen<\/a>\n<\/p>\n<h1>Afterwork-Events<\/h1>\n<div>\n<p>Bei unseren Afterwork-Events l\u00e4sst man den Alltag hinter sich und genie\u00dft die Zeit. Bei erfrischenden Cocktails, guter Musik und tollen Leuten bietet das elferrooms eine einzigartige Atmosph\u00e4re.<\/p>\n<\/div>\n<div>\n<p>Coming Soon in 2025<\/p>\n<\/div>\n<p><img decoding=\"async\" src=\"\/wp-content\/uploads\/2024\/09\/group-friends-gathering-together-dinner-scaled.jpg\" alt=\"\"><br \/>\n<img decoding=\"async\" src=\"\/wp-content\/uploads\/2024\/09\/pfahli_A_cocktail_in_front_of_a_porsche_carrera_911_-chaos_20__c22e194b-0577-4f79-9f40-03df21b1a32f-1.png\" alt=\"\"><\/p>\n<h1>Cocktail-Workshops<\/h1>\n<div>\n<p>Lernen, wie man den perfekten Cocktail mixt. Wir geben euch einen Einblick in unser Know-How und zeigen euch, wie ihr leckere Cocktails auch zuhause mixen k\u00f6nnt.<\/p>\n<\/div>\n<div>\n<p>2x im Monat, Freitags<\/p>\n<\/div>\n<ul>\n<li>\n        <a href=\"mailto:hotel@elferrooms.de\" false>Jetzt anfragen<\/a>\n    <\/li>\n<li>\n        <a href=\"\/cafe\/\" false>Zum Caf\u00e9<\/a>\n    <\/li>\n<\/ul>\n<p><!--more--><br \/>\n<!-- {\"type\":\"layout\",\"children\":[{\"type\":\"section\",\"props\":{\"header_transparent\":true,\"height_viewport\":600,\"image\":\"wp-content\\\/uploads\\\/2024\\\/09\\\/pfahli_Cocktails_presented_on_a_wooden_table_with_a_black_top_w_4df7a76e-60fc-4cfb-a431-909430fe60bf.png\",\"image_effect\":\"parallax\",\"image_parallax_bgy\":\"90\",\"image_position\":\"center-center\",\"image_size\":\"cover\",\"media_overlay\":\"rgba(75, 75, 75, 0.67)\",\"style\":\"default\",\"title_breakpoint\":\"xl\",\"title_position\":\"top-left\",\"title_rotation\":\"left\",\"vertical_align\":\"middle\",\"width\":\"default\"},\"children\":[{\"type\":\"row\",\"children\":[{\"type\":\"column\",\"props\":{\"image_position\":\"center-center\",\"position_sticky_breakpoint\":\"m\"},\"children\":[{\"type\":\"headline\",\"props\":{\"content\":\"Events\",\"title_element\":\"h1\",\"title_style\":\"heading-xlarge\"}}]}]}]},{\"type\":\"section\",\"props\":{\"image_position\":\"center-center\",\"style\":\"muted\",\"title_breakpoint\":\"xl\",\"title_position\":\"top-left\",\"title_rotation\":\"left\",\"vertical_align\":\"middle\",\"width\":\"default\"},\"children\":[{\"type\":\"row\",\"props\":{\"layout\":\"1-2,1-2\"},\"children\":[{\"type\":\"column\",\"props\":{\"image_position\":\"center-center\",\"position_sticky_breakpoint\":\"m\",\"vertical_align\":\"middle\",\"width_medium\":\"1-2\"},\"children\":[{\"type\":\"image\",\"props\":{\"image\":\"wp-content\\\/uploads\\\/2024\\\/09\\\/pfahli_wedding_couple_in_front_of_a_porsche_911_carrera_in_fr_d5492980-3910-4c82-8efe-52da2d316332_3.png\",\"image_svg_color\":\"emphasis\",\"margin\":\"default\"}}]},{\"type\":\"column\",\"props\":{\"image_position\":\"center-center\",\"position_sticky_breakpoint\":\"m\",\"style\":\"card-secondary\",\"vertical_align\":\"middle\",\"width_medium\":\"1-2\"},\"children\":[{\"type\":\"headline\",\"props\":{\"content\":\"Hochzeiten\",\"content_en_us\":\"Weddings\",\"title_element\":\"h1\"}},{\"type\":\"text\",\"props\":{\"column_breakpoint\":\"m\",\"content\":\"\n\n<p>Hochzeit feiern im elferrooms: Unser Caf\\u00e9 ist der perfekte Ort um diesen einmaligen Tag zu feiern. Und mit unserem Hotel k\\u00f6nnen die G\\u00e4ste auch direkt an der Location \\u00fcbernachten.<\\\/p>\",\"content_en_us\":\"\n\n<p>Celebrate your wedding at elferrooms: our caf\\u00e9 is the perfect place to celebrate this unique day. And with our hotel, guests can also stay overnight directly at the location.<\\\/p>\",\"margin\":\"default\"}},{\"type\":\"button\",\"props\":{\"grid_column_gap\":\"small\",\"grid_row_gap\":\"small\",\"margin\":\"default\"},\"children\":[{\"type\":\"button_item\",\"props\":{\"add_lang_param\":\"true\",\"button_style\":\"primary\",\"content\":\"Jetzt anfragen\",\"content_en_us\":\"Send an Inquiry\",\"force_download\":\"false\",\"icon\":\"mail\",\"icon_align\":\"left\",\"link\":\"mailto:hotel@elferrooms.de\"}}]}]}]}]},{\"type\":\"section\",\"props\":{\"image_position\":\"center-center\",\"style\":\"muted\",\"title_breakpoint\":\"xl\",\"title_position\":\"top-left\",\"title_rotation\":\"left\",\"vertical_align\":\"middle\",\"width\":\"default\"},\"children\":[{\"type\":\"row\",\"props\":{\"layout\":\"1-2,1-2\"},\"children\":[{\"type\":\"column\",\"props\":{\"image_position\":\"center-center\",\"position_sticky_breakpoint\":\"m\",\"style\":\"card-secondary\",\"vertical_align\":\"middle\",\"width_medium\":\"1-2\"},\"children\":[{\"type\":\"headline\",\"props\":{\"content\":\"Afterwork-Events\",\"title_element\":\"h1\"}},{\"type\":\"text\",\"props\":{\"column_breakpoint\":\"m\",\"content\":\"\n\n<p>Bei unseren Afterwork-Events l\\u00e4sst man den Alltag hinter sich und genie\\u00dft die Zeit. Bei erfrischenden Cocktails, guter Musik und tollen Leuten bietet das elferrooms eine einzigartige Atmosph\\u00e4re.<\\\/p>\",\"content_en_us\":\"\n\n<p>At our after-work events, you can leave the daily grind behind and enjoy the time. With refreshing cocktails, good music and great people, elferrooms offers a unique atmosphere.<\\\/p>\",\"margin\":\"default\"}},{\"type\":\"text\",\"props\":{\"column_breakpoint\":\"m\",\"content\":\"\n\n<p>Coming Soon in 2025<\\\/p>\",\"margin\":\"default\",\"text_style\":\"lead\"}}]},{\"type\":\"column\",\"props\":{\"image_position\":\"center-center\",\"position_sticky_breakpoint\":\"m\",\"width_medium\":\"1-2\"},\"children\":[{\"type\":\"image\",\"props\":{\"image\":\"wp-content\\\/uploads\\\/2024\\\/09\\\/group-friends-gathering-together-dinner-scaled.jpg\",\"image_svg_color\":\"emphasis\",\"margin\":\"default\"}}]}]}]},{\"type\":\"section\",\"props\":{\"image_position\":\"center-center\",\"style\":\"muted\",\"title_breakpoint\":\"xl\",\"title_position\":\"top-left\",\"title_rotation\":\"left\",\"vertical_align\":\"middle\",\"width\":\"default\"},\"children\":[{\"type\":\"row\",\"props\":{\"layout\":\"1-2,1-2\"},\"children\":[{\"type\":\"column\",\"props\":{\"image_position\":\"center-center\",\"position_sticky_breakpoint\":\"m\",\"vertical_align\":\"middle\",\"width_medium\":\"1-2\"},\"children\":[{\"type\":\"image\",\"props\":{\"image\":\"wp-content\\\/uploads\\\/2024\\\/09\\\/pfahli_A_cocktail_in_front_of_a_porsche_carrera_911_-chaos_20__c22e194b-0577-4f79-9f40-03df21b1a32f-1.png\",\"image_svg_color\":\"emphasis\",\"margin\":\"default\"}}]},{\"type\":\"column\",\"props\":{\"image_position\":\"center-center\",\"position_sticky_breakpoint\":\"m\",\"style\":\"card-secondary\",\"vertical_align\":\"middle\",\"width_medium\":\"1-2\"},\"children\":[{\"type\":\"headline\",\"props\":{\"content\":\"Cocktail-Workshops\",\"title_element\":\"h1\"}},{\"type\":\"text\",\"props\":{\"column_breakpoint\":\"m\",\"content\":\"\n\n<p>Lernen, wie man den perfekten Cocktail mixt. Wir geben euch einen Einblick in unser Know-How und zeigen euch, wie ihr leckere Cocktails auch zuhause mixen k\\u00f6nnt.<\\\/p>\",\"content_en_us\":\"\n\n<p>Learn how to mix the perfect cocktail. We'll give you an insight into our know-how and show you how to mix delicious cocktails at home.<\\\/p>\",\"margin\":\"default\"}},{\"type\":\"text\",\"props\":{\"column_breakpoint\":\"m\",\"content\":\"\n\n<p>2x im Monat, Freitags<\\\/p>\",\"content_en_us\":\"\n\n<p>From October 2024<\\\/p>\",\"margin\":\"default\",\"text_style\":\"lead\"}},{\"type\":\"button\",\"props\":{\"grid_column_gap\":\"small\",\"grid_row_gap\":\"small\",\"margin\":\"default\"},\"children\":[{\"type\":\"button_item\",\"props\":{\"add_lang_param\":\"true\",\"button_style\":\"primary\",\"content\":\"Jetzt anfragen\",\"content_en_us\":\"Send an inquiry\",\"force_download\":\"false\",\"icon\":\"mail\",\"icon_align\":\"left\",\"link\":\"mailto:hotel@elferrooms.de\"}},{\"type\":\"button_item\",\"props\":{\"add_lang_param\":\"true\",\"button_style\":\"primary\",\"content\":\"Zum Caf\\u00e9\",\"force_download\":\"false\",\"icon_align\":\"left\",\"link\":\"cafe\\\/\"}}]}]}]}]}],\"version\":\"4.4.8\",\"yooessentialsVersion\":\"2.2.19\"} --><\/p>\n","protected":false},"excerpt":{"rendered":"<p>Events Hochzeiten Hochzeit feiern im elferrooms: Unser Caf\u00e9 ist der perfekte Ort um diesen einmaligen Tag zu feiern. Und mit unserem Hotel k\u00f6nnen die G\u00e4ste auch direkt an der Location \u00fcbernachten. Jetzt anfragen Afterwork-Events Bei unseren Afterwork-Events l\u00e4sst man den Alltag hinter sich und genie\u00dft die Zeit. Bei erfrischenden Cocktails, guter Musik und tollen Leuten [&hellip;]<\/p>\n","protected":false},"author":1,"featured_media":0,"parent":0,"menu_order":0,"comment_status":"closed","ping_status":"closed","template":"","meta":{"_acf_changed":false,"footnotes":""},"class_list":["post-75","page","type-page","status-publish","hentry"],"acf":[],"_links":{"self":[{"href":"https:\/\/www.elferrooms.com\/en\/wp-json\/wp\/v2\/pages\/75","targetHints":{"allow":["GET"]}}],"collection":[{"href":"https:\/\/www.elferrooms.com\/en\/wp-json\/wp\/v2\/pages"}],"about":[{"href":"https:\/\/www.elferrooms.com\/en\/wp-json\/wp\/v2\/types\/page"}],"author":[{"embeddable":true,"href":"https:\/\/www.elferrooms.com\/en\/wp-json\/wp\/v2\/users\/1"}],"replies":[{"embeddable":true,"href":"https:\/\/www.elferrooms.com\/en\/wp-json\/wp\/v2\/comments?post=75"}],"version-history":[{"count":26,"href":"https:\/\/www.elferrooms.com\/en\/wp-json\/wp\/v2\/pages\/75\/revisions"}],"predecessor-version":[{"id":457,"href":"https:\/\/www.elferrooms.com\/en\/wp-json\/wp\/v2\/pages\/75\/revisions\/457"}],"wp:attachment":[{"href":"https:\/\/www.elferrooms.com\/en\/wp-json\/wp\/v2\/media?parent=75"}],"curies":[{"name":"wp","href":"https:\/\/api.w.org\/{rel}","templated":true}]}}