{"id":77,"date":"2024-09-10T00:00:32","date_gmt":"2024-09-09T22:00:32","guid":{"rendered":"http:\/\/elferrooms.p-b.gmbh\/?page_id=77"},"modified":"2025-05-06T14:50:16","modified_gmt":"2025-05-06T12:50:16","slug":"seminare","status":"publish","type":"page","link":"https:\/\/www.elferrooms.com\/en\/seminare\/","title":{"rendered":"Seminare"},"content":{"rendered":"<h1>Seminarr\u00e4ume<\/h1>\n<h1>Raum f\u00fcr Entfaltung<\/h1>\n<div>\n<p>Unsere Seminarr\u00e4ume bieten Platz f\u00fcr frische Ideen. Mit einer eigenen K\u00fcche und einer gro\u00dfz\u00fcgigen Dachterasse bieten wir den perfekten Ort f\u00fcr Workshops, Meetings und Firmenevents.<\/p>\n<p>Da Raum l\u00e4sst sich kreativ gestalten und umbauen &#8211; ob mit Tischen, bequemer Lounge oder Reihenbestuhlung.<\/p>\n<\/div>\n<p>\n    <a href=\"mailto:hotel@elferrooms.de\" false>Jetzt anfragen<\/a>\n<\/p>\n<p><img decoding=\"async\" src=\"\/wp-content\/uploads\/2025\/03\/elferrooms-0491-scaled.jpg\" alt=\"\"><\/p>\n<ul>\n<li>\n<p>        <img decoding=\"async\" src=\"\/wp-content\/uploads\/2025\/01\/WhatsApp-Image-2025-01-19-at-16.43.46-2.jpeg\" alt=\"\"><\/p>\n<h3>elferrooms-145043-7993<\/h3>\n<\/li>\n<li>\n<p>        <img decoding=\"async\" src=\"\/wp-content\/uploads\/2025\/01\/WhatsApp-Image-2025-01-19-at-16.43.46-1.jpeg\" alt=\"\"><\/p>\n<h3>elferrooms-144646-7984<\/h3>\n<\/li>\n<li>\n<p>        <img decoding=\"async\" src=\"\/wp-content\/uploads\/2024\/09\/elferrooms-145059-7998-scaled.jpg\" alt=\"\"><\/p>\n<h3>elferrooms-145059-7998<\/h3>\n<\/li>\n<li>\n<p>        <img decoding=\"async\" src=\"\/wp-content\/uploads\/2025\/03\/elferrooms-4-scaled.jpg\" alt=\"\"><\/p>\n<h3>elferrooms-145001-7987<\/h3>\n<\/li>\n<\/ul>\n<ul>\n<li>\n<h3>Kostenloses Wlan<\/h3>\n<\/li>\n<li>\n<h3>Verschiedene Bestuhlungen<\/h3>\n<\/li>\n<li>\n<h3>Flipcharts<\/h3>\n<\/li>\n<li>\n<h3>K\u00fcchenzeile<\/h3>\n<\/li>\n<\/ul>\n<p><!--more--><br \/>\n<!-- {\"type\":\"layout\",\"children\":[{\"type\":\"section\",\"props\":{\"header_transparent\":true,\"image\":\"wp-content\\\/uploads\\\/2025\\\/03\\\/elferrooms-0490-scaled.jpg\",\"image_effect\":\"parallax\",\"image_parallax_bgy\":\"150\",\"image_position\":\"center-center\",\"image_size\":\"cover\",\"media_overlay\":\"rgba(75, 75, 75, 0.67)\",\"style\":\"default\",\"title_breakpoint\":\"xl\",\"title_position\":\"top-left\",\"title_rotation\":\"left\",\"vertical_align\":\"middle\",\"width\":\"default\"},\"children\":[{\"type\":\"row\",\"children\":[{\"type\":\"column\",\"props\":{\"image_position\":\"center-center\",\"position_sticky_breakpoint\":\"m\"},\"children\":[{\"type\":\"headline\",\"props\":{\"content\":\"Seminarr\\u00e4ume\",\"content_en_us\":\"Workshop rooms\",\"title_element\":\"h1\",\"title_style\":\"heading-xlarge\"}}]}]}]},{\"type\":\"section\",\"props\":{\"image_position\":\"center-center\",\"style\":\"muted\",\"title_breakpoint\":\"xl\",\"title_position\":\"top-left\",\"title_rotation\":\"left\",\"vertical_align\":\"middle\",\"width\":\"default\"},\"children\":[{\"type\":\"row\",\"props\":{\"layout\":\"1-2,1-2\"},\"children\":[{\"type\":\"column\",\"props\":{\"image_position\":\"center-center\",\"position_sticky_breakpoint\":\"m\",\"style\":\"card-secondary\",\"vertical_align\":\"middle\",\"width_medium\":\"1-2\"},\"children\":[{\"type\":\"headline\",\"props\":{\"content\":\"Raum f\\u00fcr Entfaltung\",\"content_en_us\":\"Space for development\",\"title_element\":\"h1\"}},{\"type\":\"text\",\"props\":{\"column_breakpoint\":\"m\",\"content\":\"\n\n<p>Unsere Seminarr\\u00e4ume bieten Platz f\\u00fcr frische Ideen. Mit einer eigenen K\\u00fcche und einer gro\\u00dfz\\u00fcgigen Dachterasse bieten wir den perfekten Ort f\\u00fcr Workshops, Meetings und Firmenevents.<\\\/p>\\n\n\n<p>Da Raum l\\u00e4sst sich kreativ gestalten und umbauen - ob mit Tischen, bequemer Lounge oder Reihenbestuhlung.<\\\/p>\",\"content_en_us\":\"\n\n<p>Our seminar rooms offer space for fresh ideas. With our own kitchen and a spacious roof terrace, we offer the perfect location for workshops, meetings and corporate events.<\\\/p>\\n\n\n<p>The room can be creatively designed and converted - whether with tables, a comfortable lounge or row seating.<\\\/p>\",\"margin\":\"default\"}},{\"type\":\"button\",\"props\":{\"grid_column_gap\":\"small\",\"grid_row_gap\":\"small\",\"margin\":\"default\"},\"children\":[{\"type\":\"button_item\",\"props\":{\"add_lang_param\":\"true\",\"button_style\":\"primary\",\"content\":\"Jetzt anfragen\",\"content_en_us\":\"Send an Inquiry\",\"force_download\":\"false\",\"icon\":\"mail\",\"icon_align\":\"left\",\"link\":\"mailto:hotel@elferrooms.de\"}}],\"name\":\"anfragen\"}]},{\"type\":\"column\",\"props\":{\"image_position\":\"center-center\",\"position_sticky_breakpoint\":\"m\",\"width_medium\":\"1-2\"},\"children\":[{\"type\":\"image\",\"props\":{\"height_expand\":true,\"image\":\"wp-content\\\/uploads\\\/2025\\\/03\\\/elferrooms-0491-scaled.jpg\",\"image_height\":300,\"image_svg_color\":\"emphasis\",\"image_viewport_height\":false,\"image_width\":600,\"margin\":\"default\"}}]}]},{\"type\":\"row\",\"children\":[{\"type\":\"column\",\"props\":{\"image_position\":\"center-center\",\"position_sticky_breakpoint\":\"m\"},\"children\":[{\"type\":\"gallery\",\"props\":{\"filter_align\":\"left\",\"filter_all\":true,\"filter_grid_breakpoint\":\"m\",\"filter_grid_width\":\"auto\",\"filter_position\":\"top\",\"filter_style\":\"tab\",\"grid_default\":\"1\",\"grid_medium\":\"4\",\"image_height\":\"350\",\"image_transition\":\"scale-up\",\"image_width\":\"500\",\"item_animation\":true,\"lightbox\":true,\"link_fullwidth\":false,\"link_style\":\"default\",\"link_text\":\"\",\"margin\":\"default\",\"meta_align\":\"below-title\",\"meta_element\":\"div\",\"meta_style\":\"text-meta\",\"overlay_hover\":true,\"overlay_link\":true,\"overlay_mode\":\"cover\",\"overlay_position\":\"center\",\"overlay_style\":\"\",\"overlay_transition\":\"fade\",\"show_content\":false,\"show_hover_image\":false,\"show_hover_video\":false,\"show_link\":true,\"show_meta\":false,\"show_title\":false,\"text_align\":\"center\",\"text_color\":\"light\",\"title_element\":\"h3\",\"title_hover_style\":\"reset\"},\"children\":[{\"type\":\"gallery_item\",\"props\":{\"image\":\"wp-content\\\/uploads\\\/2025\\\/01\\\/WhatsApp-Image-2025-01-19-at-16.43.46-2.jpeg\",\"title\":\"elferrooms-145043-7993\"}},{\"type\":\"gallery_item\",\"props\":{\"image\":\"wp-content\\\/uploads\\\/2025\\\/01\\\/WhatsApp-Image-2025-01-19-at-16.43.46-1.jpeg\",\"title\":\"elferrooms-144646-7984\"}},{\"type\":\"gallery_item\",\"props\":{\"image\":\"wp-content\\\/uploads\\\/2024\\\/09\\\/elferrooms-145059-7998-scaled.jpg\",\"title\":\"elferrooms-145059-7998\"}},{\"type\":\"gallery_item\",\"props\":{\"image\":\"wp-content\\\/uploads\\\/2025\\\/03\\\/elferrooms-4-scaled.jpg\",\"title\":\"elferrooms-145001-7987\"}}]}]}]},{\"type\":\"row\",\"children\":[{\"type\":\"column\",\"props\":{\"image_position\":\"center-center\",\"position_sticky_breakpoint\":\"m\"},\"children\":[{\"type\":\"grid\",\"props\":{\"content_column_breakpoint\":\"m\",\"filter_align\":\"left\",\"filter_all\":true,\"filter_grid_breakpoint\":\"m\",\"filter_grid_width\":\"auto\",\"filter_position\":\"top\",\"filter_style\":\"tab\",\"grid_default\":\"1\",\"grid_medium\":\"4\",\"icon_width\":80,\"image_align\":\"top\",\"image_grid_breakpoint\":\"m\",\"image_grid_width\":\"1-2\",\"image_svg_color\":\"emphasis\",\"item_animation\":true,\"link_style\":\"default\",\"link_text\":\"Read more\",\"margin\":\"default\",\"meta_align\":\"below-title\",\"meta_element\":\"div\",\"meta_style\":\"text-meta\",\"panel_padding\":\"small\",\"panel_style\":\"card-secondary\",\"show_content\":true,\"show_image\":true,\"show_link\":true,\"show_meta\":true,\"show_title\":true,\"text_align\":\"center\",\"title_align\":\"top\",\"title_element\":\"h3\",\"title_grid_breakpoint\":\"m\",\"title_grid_width\":\"1-2\",\"title_hover_style\":\"reset\"},\"children\":[{\"type\":\"grid_item\",\"props\":{\"icon\":\"fa6-solid--wifi\",\"title\":\"Kostenloses Wlan\",\"title_en_us\":\"Free Wi-Fi\"}},{\"type\":\"grid_item\",\"props\":{\"icon\":\"bootstrap-filled--mortarboard\",\"title\":\"Verschiedene Bestuhlungen\",\"title_en_us\":\"Various seating arrangements\"}},{\"type\":\"grid_item\",\"props\":{\"icon\":\"bootstrap-filled--easel\",\"title\":\"Flipcharts\"}},{\"type\":\"grid_item\",\"props\":{\"icon\":\"fa6-solid--pizza-slice\",\"title\":\"K\\u00fcchenzeile\",\"title_en_us\":\"Kitchenette\"}}]}]}]}]}],\"version\":\"4.4.8\",\"yooessentialsVersion\":\"2.2.19\"} --><\/p>\n","protected":false},"excerpt":{"rendered":"<p>Seminarr\u00e4ume Raum f\u00fcr Entfaltung Unsere Seminarr\u00e4ume bieten Platz f\u00fcr frische Ideen. Mit einer eigenen K\u00fcche und einer gro\u00dfz\u00fcgigen Dachterasse bieten wir den perfekten Ort f\u00fcr Workshops, Meetings und Firmenevents. Da Raum l\u00e4sst sich kreativ gestalten und umbauen &#8211; ob mit Tischen, bequemer Lounge oder Reihenbestuhlung. Jetzt anfragen elferrooms-145043-7993 elferrooms-144646-7984 elferrooms-145059-7998 elferrooms-145001-7987 Kostenloses Wlan Verschiedene Bestuhlungen [&hellip;]<\/p>\n","protected":false},"author":1,"featured_media":0,"parent":0,"menu_order":0,"comment_status":"closed","ping_status":"closed","template":"","meta":{"_acf_changed":false,"footnotes":""},"class_list":["post-77","page","type-page","status-publish","hentry"],"acf":[],"_links":{"self":[{"href":"https:\/\/www.elferrooms.com\/en\/wp-json\/wp\/v2\/pages\/77","targetHints":{"allow":["GET"]}}],"collection":[{"href":"https:\/\/www.elferrooms.com\/en\/wp-json\/wp\/v2\/pages"}],"about":[{"href":"https:\/\/www.elferrooms.com\/en\/wp-json\/wp\/v2\/types\/page"}],"author":[{"embeddable":true,"href":"https:\/\/www.elferrooms.com\/en\/wp-json\/wp\/v2\/users\/1"}],"replies":[{"embeddable":true,"href":"https:\/\/www.elferrooms.com\/en\/wp-json\/wp\/v2\/comments?post=77"}],"version-history":[{"count":22,"href":"https:\/\/www.elferrooms.com\/en\/wp-json\/wp\/v2\/pages\/77\/revisions"}],"predecessor-version":[{"id":459,"href":"https:\/\/www.elferrooms.com\/en\/wp-json\/wp\/v2\/pages\/77\/revisions\/459"}],"wp:attachment":[{"href":"https:\/\/www.elferrooms.com\/en\/wp-json\/wp\/v2\/media?parent=77"}],"curies":[{"name":"wp","href":"https:\/\/api.w.org\/{rel}","templated":true}]}}