{"id":86,"date":"2024-09-10T00:05:19","date_gmt":"2024-09-09T22:05:19","guid":{"rendered":"http:\/\/elferrooms.p-b.gmbh\/?page_id=86"},"modified":"2025-05-06T14:51:03","modified_gmt":"2025-05-06T12:51:03","slug":"anfahrt","status":"publish","type":"page","link":"https:\/\/www.elferrooms.com\/en\/anfahrt\/","title":{"rendered":"Anfahrt"},"content":{"rendered":"<h1>Anfahrt<\/h1>\n<h1>So finden Sie uns<\/h1>\n<div>\n<p><strong>elferrooms Hotel<\/strong><br \/>Zum Grenzgraben 41<br \/>76698 Ubstadt-Weiher<br \/>Germany<\/p>\n<\/div>\n<div>\n<p>Das elferooms liegt zwischen Heidelberg und Karlsruhe und ist mit dem Auto von der A5 gut erreichbar. An der Autobahnabfahrt Kronau oder Bruchsal sind wir in weniger als 10 Minuten \u00fcber die K3575 erreichbar.<\/p>\n<\/div>\n<p>\n    <a href=\"https:\/\/maps.app.goo.gl\/qBTG853gbYTyDKYx5\" false>Anfahrt via Google Maps<\/a>\n<\/p>\n<div>\n<p>49.1728,8.6239<\/p>\n<\/div>\n<h1>\u00d6PNV<\/h1>\n<div>\n<p>Mit den \u00f6ffentlichen Verkehrsmitteln sind wir \u00fcber die Linie S3\/S4 zwischen Karlsruhe und Heidelberg\/Mannheim gut erreichbar. Die Bahnhaltestelle befindet sich zu Fu\u00df rund 4 Minuten von unserem Hotel entfernt.<\/p>\n<\/div>\n<div>\n<p>    <iframe loading=\"lazy\" title=\"bwegt Fahrplanauskunft-Widget\" frameborder=\"0\" style=\"border: 0; overflow: hidden;\" width=\"375\" height=\"410\" scrolling=\"no\"  src=\"https:\/\/www.bwegt.de\/efa-widget\/index.html?destination=de%3A08215%3A1861&#038;destinationName=Ubstadt-Weiher\"><\/iframe>\n<\/div>\n<p><img decoding=\"async\" src=\"\/wp-content\/uploads\/2024\/09\/IMG_8271-scaled.jpg\" alt=\"\"><\/p>\n<h1>Fahrrad<\/h1>\n<div>\n<p>Das elferrooms liegt nur einen Kilometer vom Heidelberg-Schwarzwald-Bodensee-Radweg und 2 Kilometer vom Badischen Weinradweg entfernt und liegt genau am Rand der Kraicht\u00e4ler Schleife der Etappe Kraichgau Nord. <\/p>\n<\/div>\n<ul>\n<li>\n        <a href=\"https:\/\/www.schwarzwald-tourismus.info\/erleben\/radfahren\/tourenrad-und-e-bike\/fernradwege\/badischer-weinradweg\" false>Badischer Weinradweg<\/a>\n    <\/li>\n<li>\n        <a href=\"https:\/\/www.schwarzwald-tourismus.info\/erleben\/radfahren\/tourenrad-und-e-bike\/fernradwege\/heidelberg-schwarzwald-bodensee-radweg\" false>Heidelberg-Schwarzwald-Bodensee-Radweg<\/a>\n    <\/li>\n<\/ul>\n<p><!--more--><br \/>\n<!-- {\"type\":\"layout\",\"children\":[{\"type\":\"section\",\"props\":{\"header_transparent\":true,\"image\":\"wp-content\\\/uploads\\\/2024\\\/09\\\/elferrooms-132040-7873-scaled.jpg\",\"image_effect\":\"parallax\",\"image_parallax_bgy\":\"150\",\"image_position\":\"center-center\",\"image_size\":\"cover\",\"media_overlay\":\"rgba(75, 75, 75, 0.67)\",\"style\":\"default\",\"title_breakpoint\":\"xl\",\"title_position\":\"top-left\",\"title_rotation\":\"left\",\"vertical_align\":\"middle\",\"width\":\"default\"},\"children\":[{\"type\":\"row\",\"children\":[{\"type\":\"column\",\"props\":{\"image_position\":\"center-center\",\"position_sticky_breakpoint\":\"m\"},\"children\":[{\"type\":\"headline\",\"props\":{\"content\":\"Anfahrt\",\"content_en_us\":\"Directions\",\"title_element\":\"h1\",\"title_style\":\"heading-xlarge\"}}]}]}]},{\"type\":\"section\",\"props\":{\"image_position\":\"center-center\",\"style\":\"default\",\"title_breakpoint\":\"xl\",\"title_position\":\"top-left\",\"title_rotation\":\"left\",\"vertical_align\":\"middle\",\"width\":\"default\"},\"children\":[{\"type\":\"row\",\"props\":{\"layout\":\"1-2,1-2\"},\"children\":[{\"type\":\"column\",\"props\":{\"image_position\":\"center-center\",\"position_sticky_breakpoint\":\"m\",\"style\":\"tile-muted\",\"vertical_align\":\"middle\",\"width_medium\":\"1-2\"},\"children\":[{\"type\":\"headline\",\"props\":{\"content\":\"So finden Sie uns\",\"content_en_us\":\"How to find us\",\"title_element\":\"h1\"}},{\"type\":\"text\",\"props\":{\"column_breakpoint\":\"m\",\"content\":\"\n\n<p><strong>elferrooms Hotel<\\\/strong><br \\\/>Zum Grenzgraben 41<br \\\/>76698 Ubstadt-Weiher<br \\\/>Germany<\\\/p>\",\"margin\":\"default\"}},{\"type\":\"text\",\"props\":{\"column_breakpoint\":\"m\",\"content\":\"\n\n<p>Das elferooms liegt zwischen Heidelberg und Karlsruhe und ist mit dem Auto von der A5 gut erreichbar. An der Autobahnabfahrt Kronau oder Bruchsal sind wir in weniger als 10 Minuten \\u00fcber die K3575 erreichbar.<\\\/p>\",\"content_en_us\":\"\n\n<p>elferooms is located between Heidelberg and Karlsruhe and is easily accessible by car from the A5. You can reach us in less than 10 minutes from the highway exit Kronau or Bruchsal via the K3575.<\\\/p>\",\"margin\":\"default\"}},{\"type\":\"button\",\"props\":{\"grid_column_gap\":\"small\",\"grid_row_gap\":\"small\",\"margin\":\"default\"},\"children\":[{\"type\":\"button_item\",\"props\":{\"add_lang_param\":\"true\",\"button_style\":\"primary\",\"content\":\"Anfahrt via Google Maps\",\"content_en_us\":\"Directions via Google Maps\",\"force_download\":\"false\",\"icon\":\"location\",\"icon_align\":\"left\",\"link\":\"https:\\\/\\\/maps.app.goo.gl\\\/qBTG853gbYTyDKYx5\",\"link_target\":\"blank\"}}]}]},{\"type\":\"column\",\"props\":{\"image_position\":\"center-center\",\"position_sticky_breakpoint\":\"m\",\"width_medium\":\"1-2\"},\"children\":[{\"type\":\"map\",\"props\":{\"controls\":true,\"dragging\":true,\"height\":500,\"image_svg_color\":\"emphasis\",\"link_style\":\"default\",\"link_text\":\"Read more\",\"margin\":\"default\",\"max_zoom\":\"14\",\"meta_align\":\"below-title\",\"meta_element\":\"div\",\"meta_style\":\"text-meta\",\"min_zoom\":\"5\",\"poi\":false,\"show_content\":true,\"show_image\":true,\"show_link\":true,\"show_meta\":true,\"show_title\":true,\"styler_invert_lightness\":true,\"styler_lightness\":\"0\",\"styler_saturation\":\"-100\",\"title_element\":\"h3\",\"title_hover_style\":\"reset\",\"type\":\"roadmap\",\"zoom\":\"10\",\"zooming\":true},\"children\":[{\"type\":\"map_item\",\"props\":{\"location\":\"49.1728,8.6239\"}}]}]}]}]},{\"type\":\"section\",\"props\":{\"image_position\":\"center-center\",\"style\":\"muted\",\"title_breakpoint\":\"xl\",\"title_position\":\"top-left\",\"title_rotation\":\"left\",\"vertical_align\":\"middle\",\"width\":\"default\"},\"children\":[{\"type\":\"row\",\"props\":{\"layout\":\"1-3,1-3,1-3\"},\"children\":[{\"type\":\"column\",\"props\":{\"image_position\":\"center-center\",\"position_sticky_breakpoint\":\"m\",\"style\":\"card-secondary\",\"width_medium\":\"1-3\"},\"children\":[{\"type\":\"headline\",\"props\":{\"content\":\"\\u00d6PNV\",\"content_en_us\":\"Public Transport\",\"title_element\":\"h1\"}},{\"type\":\"text\",\"props\":{\"column_breakpoint\":\"m\",\"content\":\"\n\n<p>Mit den \\u00f6ffentlichen Verkehrsmitteln sind wir \\u00fcber die Linie S3\\\/S4 zwischen Karlsruhe und Heidelberg\\\/Mannheim gut erreichbar. Die Bahnhaltestelle befindet sich zu Fu\\u00df rund 4 Minuten von unserem Hotel entfernt.<\\\/p>\",\"content_en_us\":\"\n\n<p>We are easily accessible by public transport via the S3\\\/S4 line between Karlsruhe and Heidelberg\\\/Mannheim. The train station is around 4 minutes' walk from our hotel.<\\\/p>\",\"margin\":\"default\"}}]},{\"type\":\"column\",\"props\":{\"image_position\":\"center-center\",\"position_sticky_breakpoint\":\"m\",\"width_medium\":\"1-3\"},\"children\":[{\"type\":\"html\",\"props\":{\"content\":\"<iframe title=\\\"bwegt Fahrplanauskunft-Widget\\\" frameborder=\\\"0\\\" style=\\\"border: 0; overflow: hidden;\\\" width=\\\"375\\\" height=\\\"410\\\" scrolling=\\\"no\\\"  src=\\\"https:\\\/\\\/www.bwegt.de\\\/efa-widget\\\/index.html?destination=de%3A08215%3A1861&destinationName=Ubstadt-Weiher\\\"><\\\/iframe>\"}}]},{\"type\":\"column\",\"props\":{\"image_position\":\"center-center\",\"position_sticky_breakpoint\":\"m\",\"width_medium\":\"1-3\"},\"children\":[{\"type\":\"image\",\"props\":{\"height_expand\":true,\"image\":\"wp-content\\\/uploads\\\/2024\\\/09\\\/IMG_8271-scaled.jpg\",\"image_focal_point\":\"center-left\",\"image_svg_color\":\"emphasis\",\"margin\":\"default\"}}]}]}]},{\"type\":\"section\",\"props\":{\"image\":\"wp-content\\\/uploads\\\/2024\\\/09\\\/pfahli_Two_cyclists_male_and_female_riding_through_a_paved_path_17dc0d82-c2ec-4972-87f2-59dea2cfae62-1.png\",\"image_effect\":\"parallax\",\"image_parallax_bgy\":\"150\",\"image_position\":\"center-center\",\"image_size\":\"cover\",\"style\":\"muted\",\"title_breakpoint\":\"xl\",\"title_position\":\"top-left\",\"title_rotation\":\"left\",\"vertical_align\":\"middle\",\"width\":\"default\"},\"children\":[{\"type\":\"row\",\"props\":{\"layout\":\"1-2,1-2\"},\"children\":[{\"type\":\"column\",\"props\":{\"image_position\":\"center-center\",\"position_sticky_breakpoint\":\"m\",\"style\":\"card-default\",\"width_medium\":\"1-2\"},\"children\":[{\"type\":\"headline\",\"props\":{\"content\":\"Fahrrad\",\"content_en_us\":\"Bicycle\",\"title_element\":\"h1\"}},{\"type\":\"text\",\"props\":{\"column_breakpoint\":\"m\",\"content\":\"\n\n<p>Das elferrooms liegt nur einen Kilometer vom Heidelberg-Schwarzwald-Bodensee-Radweg und 2 Kilometer vom Badischen Weinradweg entfernt und liegt genau am Rand der Kraicht\\u00e4ler Schleife der Etappe Kraichgau Nord. <\\\/p>\",\"content_en_us\":\"\n\n<p>The elferrooms is located just one kilometre from the Heidelberg-Black Forest-Lake Constance Cycle Path and two kilometres from the Baden Wine Cycle Path and is right on the edge of the Kraichgau loop of the Kraichgau North stage.<\\\/p>\",\"margin\":\"default\"}},{\"type\":\"button\",\"props\":{\"grid_column_gap\":\"small\",\"grid_row_gap\":\"small\",\"margin\":\"default\"},\"children\":[{\"type\":\"button_item\",\"props\":{\"add_lang_param\":\"true\",\"button_style\":\"primary\",\"content\":\"Badischer Weinradweg\",\"force_download\":\"false\",\"icon_align\":\"left\",\"link\":\"https:\\\/\\\/www.schwarzwald-tourismus.info\\\/erleben\\\/radfahren\\\/tourenrad-und-e-bike\\\/fernradwege\\\/badischer-weinradweg\",\"link_target\":\"blank\"}},{\"type\":\"button_item\",\"props\":{\"add_lang_param\":\"true\",\"button_style\":\"primary\",\"content\":\"Heidelberg-Schwarzwald-Bodensee-Radweg\",\"force_download\":\"false\",\"icon_align\":\"left\",\"link\":\"https:\\\/\\\/www.schwarzwald-tourismus.info\\\/erleben\\\/radfahren\\\/tourenrad-und-e-bike\\\/fernradwege\\\/heidelberg-schwarzwald-bodensee-radweg\",\"link_target\":\"blank\"}}]}]},{\"type\":\"column\",\"props\":{\"image_position\":\"center-center\",\"position_sticky_breakpoint\":\"m\",\"width_medium\":\"1-2\"}}]}]}],\"version\":\"4.4.8\",\"yooessentialsVersion\":\"2.2.19\"} --><\/p>\n","protected":false},"excerpt":{"rendered":"<p>Anfahrt So finden Sie uns elferrooms HotelZum Grenzgraben 4176698 Ubstadt-WeiherGermany Das elferooms liegt zwischen Heidelberg und Karlsruhe und ist mit dem Auto von der A5 gut erreichbar. An der Autobahnabfahrt Kronau oder Bruchsal sind wir in weniger als 10 Minuten \u00fcber die K3575 erreichbar. Anfahrt via Google Maps 49.1728,8.6239 \u00d6PNV Mit den \u00f6ffentlichen Verkehrsmitteln sind [&hellip;]<\/p>\n","protected":false},"author":1,"featured_media":0,"parent":0,"menu_order":0,"comment_status":"closed","ping_status":"closed","template":"","meta":{"_acf_changed":false,"footnotes":""},"class_list":["post-86","page","type-page","status-publish","hentry"],"acf":[],"_links":{"self":[{"href":"https:\/\/www.elferrooms.com\/en\/wp-json\/wp\/v2\/pages\/86","targetHints":{"allow":["GET"]}}],"collection":[{"href":"https:\/\/www.elferrooms.com\/en\/wp-json\/wp\/v2\/pages"}],"about":[{"href":"https:\/\/www.elferrooms.com\/en\/wp-json\/wp\/v2\/types\/page"}],"author":[{"embeddable":true,"href":"https:\/\/www.elferrooms.com\/en\/wp-json\/wp\/v2\/users\/1"}],"replies":[{"embeddable":true,"href":"https:\/\/www.elferrooms.com\/en\/wp-json\/wp\/v2\/comments?post=86"}],"version-history":[{"count":32,"href":"https:\/\/www.elferrooms.com\/en\/wp-json\/wp\/v2\/pages\/86\/revisions"}],"predecessor-version":[{"id":461,"href":"https:\/\/www.elferrooms.com\/en\/wp-json\/wp\/v2\/pages\/86\/revisions\/461"}],"wp:attachment":[{"href":"https:\/\/www.elferrooms.com\/en\/wp-json\/wp\/v2\/media?parent=86"}],"curies":[{"name":"wp","href":"https:\/\/api.w.org\/{rel}","templated":true}]}}